{"id":5382,"date":"2018-08-28T07:16:44","date_gmt":"2018-08-28T07:16:44","guid":{"rendered":"http:\/\/keenitsolutions.com\/products\/wordpress\/eshkool\/?page_id=5382"},"modified":"2026-01-26T18:40:15","modified_gmt":"2026-01-26T17:40:15","slug":"home","status":"publish","type":"page","link":"https:\/\/blueprint-szkolenia.pl\/","title":{"rendered":"Strona g\u0142\u00f3wna"},"content":{"rendered":"\t\t<div data-elementor-type=\"wp-page\" data-elementor-id=\"5382\" class=\"elementor elementor-5382\">\n\t\t\t\t\t\t<section class=\"elementor-section elementor-top-section elementor-element elementor-element-782a745 elementor-section-stretched elementor-section-boxed elementor-section-height-default elementor-section-height-default\" data-id=\"782a745\" data-element_type=\"section\" data-settings=\"{&quot;stretch_section&quot;:&quot;section-stretched&quot;}\">\n\t\t\t\t\t\t<div class=\"elementor-container elementor-column-gap-default\">\n\t\t\t\t\t<div class=\"elementor-column elementor-col-33 elementor-top-column elementor-element elementor-element-342a636\" data-id=\"342a636\" data-element_type=\"column\">\n\t\t\t<div class=\"elementor-widget-wrap elementor-element-populated\">\n\t\t\t\t\t\t<div class=\"elementor-element elementor-element-a58d011 elementor-widget elementor-widget-rs-service-grid\" data-id=\"a58d011\" data-element_type=\"widget\" data-widget_type=\"rs-service-grid.default\">\n\t\t\t\t<div class=\"elementor-widget-container\">\n\t\t\t\t\t\r\n\t\t\t\t  <div class=\"rs-addon-services rs-services-style1 top \">\r\n\t\t\t    <div class=\"services-item rs-animation-hover  \">\r\n\t\t\t    \t\t\t\t    \t\t\t\t\t    \t\t<div class=\"services-icon\">\t\r\n\t\t\t    \t\t\t<i class=\"fa fa fa-wrench\"><\/i>\r\n\t\t\t    \t\t<\/div>\r\n\t\t\t    \t\t\r\n\t\t\t    \t\t\t\t\t    \t\t\t\t    \t\t       \r\n\t\t\t\t    <div class=\"services-desc\">\r\n\t\t\t\t    \t\t\t\t    \t\t\r\n\t\t\t\t    \t\t\t\t\t\t    \t\t<h4 class=\"services-title\" class=\"title\"> <a href=\"#\"  >Szkolenia nastawione na praktyk\u0119<\/a><\/h4>\r\n\t\t\t\t    \t\t\t\r\n\t\t\t\t    \t\t\r\n\r\n\t\t\t\t    \t\t\t\t\t    \t\t<p class=\"services-txt\">  Nasze szkolenia maj\u0105 charakter warsztatowy z naciskiem na \u0107wiczenia praktyczne.<\/p>\t\r\n\t\t\t\t    \t\t\r\n\r\n\t\t    \t    \t\r\n\t\t\t\t    <\/div>\r\n\t\t\t\t<\/div>\r\n\t\t\t<\/div>\t\r\n\t\t\t\t\t\t<\/div>\n\t\t\t\t<\/div>\n\t\t\t\t\t<\/div>\n\t\t<\/div>\n\t\t\t\t<div class=\"elementor-column elementor-col-33 elementor-top-column elementor-element elementor-element-da69009\" data-id=\"da69009\" data-element_type=\"column\">\n\t\t\t<div class=\"elementor-widget-wrap elementor-element-populated\">\n\t\t\t\t\t\t<div class=\"elementor-element elementor-element-777f0a2 elementor-widget elementor-widget-rs-service-grid\" data-id=\"777f0a2\" data-element_type=\"widget\" data-widget_type=\"rs-service-grid.default\">\n\t\t\t\t<div class=\"elementor-widget-container\">\n\t\t\t\t\t\r\n\t\t\t\t  <div class=\"rs-addon-services rs-services-style1 top \">\r\n\t\t\t    <div class=\"services-item rs-animation-hover  \">\r\n\t\t\t    \t\t\t\t    \t\t\t\t\t    \t\t<div class=\"services-icon\">\t\r\n\t\t\t    \t\t\t<i class=\"fa fa fa-gear\"><\/i>\r\n\t\t\t    \t\t<\/div>\r\n\t\t\t    \t\t\r\n\t\t\t    \t\t\t\t\t    \t\t\t\t    \t\t       \r\n\t\t\t\t    <div class=\"services-desc\">\r\n\t\t\t\t    \t\t\t\t    \t\t\r\n\t\t\t\t    \t\t\t\t\t\t    \t\t\t<h4 class=\"services-title\" class=\"title\"> Nowoczesne trendy i technologie<\/h4>\r\n\t\t\t\t    \t\t\t\r\n\t\t\t\t    \t\t\r\n\r\n\t\t\t\t    \t\t\t\t\t    \t\t<p class=\"services-txt\">  Tematyka szkole\u0144 obejmuje zar\u00f3wno powszechnie przyj\u0119te praktyki in\u017cynierskie jak i najnowsze rozwi\u0105zania.<\/p>\t\r\n\t\t\t\t    \t\t\r\n\r\n\t\t    \t    \t\r\n\t\t\t\t    <\/div>\r\n\t\t\t\t<\/div>\r\n\t\t\t<\/div>\t\r\n\t\t\t\t\t\t<\/div>\n\t\t\t\t<\/div>\n\t\t\t\t\t<\/div>\n\t\t<\/div>\n\t\t\t\t<div class=\"elementor-column elementor-col-33 elementor-top-column elementor-element elementor-element-1574d60\" data-id=\"1574d60\" data-element_type=\"column\">\n\t\t\t<div class=\"elementor-widget-wrap elementor-element-populated\">\n\t\t\t\t\t\t<div class=\"elementor-element elementor-element-ab5f7e3 elementor-widget elementor-widget-rs-service-grid\" data-id=\"ab5f7e3\" data-element_type=\"widget\" data-widget_type=\"rs-service-grid.default\">\n\t\t\t\t<div class=\"elementor-widget-container\">\n\t\t\t\t\t\r\n\t\t\t\t  <div class=\"rs-addon-services rs-services-style1 top \">\r\n\t\t\t    <div class=\"services-item rs-animation-hover  \">\r\n\t\t\t    \t\t\t\t    \t\t\t\t\t    \t\t<div class=\"services-icon\">\t\r\n\t\t\t    \t\t\t<i class=\"fa fa fa-user\"><\/i>\r\n\t\t\t    \t\t<\/div>\r\n\t\t\t    \t\t\r\n\t\t\t    \t\t\t\t\t    \t\t\t\t    \t\t       \r\n\t\t\t\t    <div class=\"services-desc\">\r\n\t\t\t\t    \t\t\t\t    \t\t\r\n\t\t\t\t    \t\t\t\t\t\t    \t\t\t<h4 class=\"services-title\" class=\"title\"> Do\u015bwiadczeni instruktorzy<\/h4>\r\n\t\t\t\t    \t\t\t\r\n\t\t\t\t    \t\t\r\n\r\n\t\t\t\t    \t\t\t\t\t    \t\t<p class=\"services-txt\">  Nasi instruktorzy to osoby z wieloletni\u0105 praktyk\u0105 zar\u00f3wno in\u017cyniersk\u0105 jak szkoleniow\u0105.<\/p>\t\r\n\t\t\t\t    \t\t\r\n\r\n\t\t    \t    \t\r\n\t\t\t\t    <\/div>\r\n\t\t\t\t<\/div>\r\n\t\t\t<\/div>\t\r\n\t\t\t\t\t\t<\/div>\n\t\t\t\t<\/div>\n\t\t\t\t\t<\/div>\n\t\t<\/div>\n\t\t\t\t\t<\/div>\n\t\t<\/section>\n\t\t\t\t<section class=\"elementor-section elementor-top-section elementor-element elementor-element-81e1c41 elementor-section-stretched elementor-section-boxed elementor-section-height-default elementor-section-height-default\" data-id=\"81e1c41\" data-element_type=\"section\" data-settings=\"{&quot;stretch_section&quot;:&quot;section-stretched&quot;}\">\n\t\t\t\t\t\t<div class=\"elementor-container elementor-column-gap-default\">\n\t\t\t\t\t<div class=\"elementor-column elementor-col-100 elementor-top-column elementor-element elementor-element-9d84882\" data-id=\"9d84882\" data-element_type=\"column\">\n\t\t\t<div class=\"elementor-widget-wrap elementor-element-populated\">\n\t\t\t\t\t\t<div class=\"elementor-element elementor-element-81f0568 elementor-widget elementor-widget-rs-heading\" data-id=\"81f0568\" data-element_type=\"widget\" data-widget_type=\"rs-heading.default\">\n\t\t\t\t<div class=\"elementor-widget-container\">\n\t\t\t\t\t        <div class=\"rs-heading default justify\">\r\n        \t<div class=\"title-inner\">\r\n        \t\t      \t\t\r\n\t            <h2 class=\"title\"><span class=\"watermark\"><\/span>Jak mo\u017cemy Ci pom\u00f3c?<\/h2>\t        <\/div>\r\n\t                    \t<div class=\"description\">\r\n            \t\t<p><p>Praca in\u017cyniera w obszarach elektroniki i automatyki wymaga solidnych kompetencji i nad\u0105\u017cania za nowymi rozwi\u0105zaniami technicznymi.<\/p><p>Zdobywanie tych kompetencji w miejscu pracy jest cz\u0119sto niewystarczaj\u0105ce lub zbyt ma\u0142o efektywne.<\/p><p>Pomo\u017cemy Ci zdoby\u0107 nowe umiej\u0119tno\u015bci lub uzupe\u0142ni\u0107 obecne poprzez praktyczne, realizowane w warsztatowej formie szkolenia prowadzone przez do\u015bwiadczonych instruktor\u00f3w.<\/p><\/p>        \t\t\r\n            \t<\/div>\r\n        \t        <\/div>\r\n        \t\t\t\t<\/div>\n\t\t\t\t<\/div>\n\t\t\t\t<section class=\"elementor-section elementor-inner-section elementor-element elementor-element-92dbe73 elementor-section-boxed elementor-section-height-default elementor-section-height-default\" data-id=\"92dbe73\" data-element_type=\"section\">\n\t\t\t\t\t\t<div class=\"elementor-container elementor-column-gap-default\">\n\t\t\t\t\t<div class=\"elementor-column elementor-col-50 elementor-inner-column elementor-element elementor-element-b54e21a\" data-id=\"b54e21a\" data-element_type=\"column\">\n\t\t\t<div class=\"elementor-widget-wrap elementor-element-populated\">\n\t\t\t\t\t\t<div class=\"elementor-element elementor-element-f5fec88 elementor-view-default elementor-widget elementor-widget-icon\" data-id=\"f5fec88\" data-element_type=\"widget\" data-widget_type=\"icon.default\">\n\t\t\t\t\t\t\t<div class=\"elementor-icon-wrapper\">\n\t\t\t<div class=\"elementor-icon\">\n\t\t\t<svg aria-hidden=\"true\" class=\"e-font-icon-svg e-fas-user\" viewBox=\"0 0 448 512\" xmlns=\"http:\/\/www.w3.org\/2000\/svg\"><path d=\"M224 256c70.7 0 128-57.3 128-128S294.7 0 224 0 96 57.3 96 128s57.3 128 128 128zm89.6 32h-16.7c-22.2 10.2-46.9 16-72.9 16s-50.6-5.8-72.9-16h-16.7C60.2 288 0 348.2 0 422.4V464c0 26.5 21.5 48 48 48h352c26.5 0 48-21.5 48-48v-41.6c0-74.2-60.2-134.4-134.4-134.4z\"><\/path><\/svg>\t\t\t<\/div>\n\t\t<\/div>\n\t\t\t\t\t\t<\/div>\n\t\t\t\t<div class=\"elementor-element elementor-element-74bf19a elementor-widget elementor-widget-heading\" data-id=\"74bf19a\" data-element_type=\"widget\" data-widget_type=\"heading.default\">\n\t\t\t\t\t<h3 class=\"elementor-heading-title elementor-size-default\">PRACUJESZ JAKO IN\u017bYNIER?<\/h3>\t\t\t\t<\/div>\n\t\t\t\t<div class=\"elementor-element elementor-element-280ad57 elementor-widget elementor-widget-text-editor\" data-id=\"280ad57\" data-element_type=\"widget\" data-widget_type=\"text-editor.default\">\n\t\t\t\t\t\t\t\t\t<p>Nasze szkolenia (r\u00f3wnie\u017c w jednodniowej &#8211; weekendowej formie) dadz\u0105 Ci solidne podstawy techniczne i pomog\u0105 dalej rozwija\u0107 karier\u0119 zawodow\u0105.<\/p>\t\t\t\t\t\t\t\t<\/div>\n\t\t\t\t\t<\/div>\n\t\t<\/div>\n\t\t\t\t<div class=\"elementor-column elementor-col-50 elementor-inner-column elementor-element elementor-element-067b5a3\" data-id=\"067b5a3\" data-element_type=\"column\">\n\t\t\t<div class=\"elementor-widget-wrap elementor-element-populated\">\n\t\t\t\t\t\t<div class=\"elementor-element elementor-element-c904b0f elementor-view-default elementor-widget elementor-widget-icon\" data-id=\"c904b0f\" data-element_type=\"widget\" data-widget_type=\"icon.default\">\n\t\t\t\t\t\t\t<div class=\"elementor-icon-wrapper\">\n\t\t\t<div class=\"elementor-icon\">\n\t\t\t<svg aria-hidden=\"true\" class=\"e-font-icon-svg e-fas-users\" viewBox=\"0 0 640 512\" xmlns=\"http:\/\/www.w3.org\/2000\/svg\"><path d=\"M96 224c35.3 0 64-28.7 64-64s-28.7-64-64-64-64 28.7-64 64 28.7 64 64 64zm448 0c35.3 0 64-28.7 64-64s-28.7-64-64-64-64 28.7-64 64 28.7 64 64 64zm32 32h-64c-17.6 0-33.5 7.1-45.1 18.6 40.3 22.1 68.9 62 75.1 109.4h66c17.7 0 32-14.3 32-32v-32c0-35.3-28.7-64-64-64zm-256 0c61.9 0 112-50.1 112-112S381.9 32 320 32 208 82.1 208 144s50.1 112 112 112zm76.8 32h-8.3c-20.8 10-43.9 16-68.5 16s-47.6-6-68.5-16h-8.3C179.6 288 128 339.6 128 403.2V432c0 26.5 21.5 48 48 48h288c26.5 0 48-21.5 48-48v-28.8c0-63.6-51.6-115.2-115.2-115.2zm-223.7-13.4C161.5 263.1 145.6 256 128 256H64c-35.3 0-64 28.7-64 64v32c0 17.7 14.3 32 32 32h65.9c6.3-47.4 34.9-87.3 75.2-109.4z\"><\/path><\/svg>\t\t\t<\/div>\n\t\t<\/div>\n\t\t\t\t\t\t<\/div>\n\t\t\t\t<div class=\"elementor-element elementor-element-d74e6c5 elementor-widget elementor-widget-heading\" data-id=\"d74e6c5\" data-element_type=\"widget\" data-widget_type=\"heading.default\">\n\t\t\t\t\t<h3 class=\"elementor-heading-title elementor-size-default\">ODPOWIADASZ ZA ZESP\u00d3\u0141?<\/h3>\t\t\t\t<\/div>\n\t\t\t\t<div class=\"elementor-element elementor-element-e220d20 elementor-widget elementor-widget-text-editor\" data-id=\"e220d20\" data-element_type=\"widget\" data-widget_type=\"text-editor.default\">\n\t\t\t\t\t\t\t\t\t<p>Pomo\u017cemy Ci zbudowa\u0107 twarde kompetencje Twojego zespo\u0142u, kt\u00f3re pomog\u0105 mu w efektywnej pracy.<\/p>\n<p>Organizujemy r\u00f3wnie\u017c szkolenia dla grup zamkni\u0119tych oraz w siedzibie firmy.<\/p>\n<p>Zapraszamy do kontaktu.<\/p>\t\t\t\t\t\t\t\t<\/div>\n\t\t\t\t\t<\/div>\n\t\t<\/div>\n\t\t\t\t\t<\/div>\n\t\t<\/section>\n\t\t\t\t\t<\/div>\n\t\t<\/div>\n\t\t\t\t\t<\/div>\n\t\t<\/section>\n\t\t\t\t<section class=\"elementor-section elementor-top-section elementor-element elementor-element-5836878 elementor-section-stretched elementor-section-boxed elementor-section-height-default elementor-section-height-default\" data-id=\"5836878\" data-element_type=\"section\" data-settings=\"{&quot;stretch_section&quot;:&quot;section-stretched&quot;,&quot;background_background&quot;:&quot;classic&quot;}\">\n\t\t\t\t\t\t<div class=\"elementor-container elementor-column-gap-default\">\n\t\t\t\t\t<div class=\"elementor-column elementor-col-100 elementor-top-column elementor-element elementor-element-1ccfbce\" data-id=\"1ccfbce\" data-element_type=\"column\">\n\t\t\t<div class=\"elementor-widget-wrap elementor-element-populated\">\n\t\t\t\t\t\t<div class=\"elementor-element elementor-element-61a25f1 elementor-widget elementor-widget-rs-heading\" data-id=\"61a25f1\" data-element_type=\"widget\" data-widget_type=\"rs-heading.default\">\n\t\t\t\t<div class=\"elementor-widget-container\">\n\t\t\t\t\t        <div class=\"rs-heading style1 center\">\r\n        \t<div class=\"title-inner\">\r\n        \t\t      \t\t\r\n\t            <h2 class=\"title\"><span class=\"watermark\"><\/span>Nasze szkolenia<\/h2>\t        <\/div>\r\n\t                    \t<div class=\"description\">\r\n            \t\t<p><p>Zapoznaj si\u0119 z tematyk\u0119 naszych szkole\u0144 z elektroniki i automatyki<\/p><\/p>        \t\t\r\n            \t<\/div>\r\n        \t        <\/div>\r\n        \t\t\t\t<\/div>\n\t\t\t\t<\/div>\n\t\t\t\t<div class=\"elementor-element elementor-element-56df4d5 elementor-widget elementor-widget-rscourse-slider\" data-id=\"56df4d5\" data-element_type=\"widget\" data-widget_type=\"rscourse-slider.default\">\n\t\t\t\t<div class=\"elementor-widget-container\">\n\t\t\t\t\t\t \r\n\r\n\r\n\t\t<div class=\"rsaddon-unique-slider rs-course rs-course-slider course-slider-style4 rs-course-style4\">\r\n\t\t\t<div id=\"rsaddon-slick-slider-25826\" class=\"rs-addon-slider\" >\r\n\t\t\t\t\r\n \r\n\r\n\t<div class=\"courses-item cource-item\">\r\n\t\t<div class=\"course-wrap\">\r\n\t\t\t\t\t        <div class=\"cource-img img-part\">\r\n\t\t            <a href=\"https:\/\/blueprint-szkolenia.pl\/index.php\/courses\/projektowanie-elektroniki-z-uzyciem-symulatorow-spice\/\"> <img fetchpriority=\"high\" decoding=\"async\" width=\"640\" height=\"360\" src=\"https:\/\/blueprint-szkolenia.pl\/wp-content\/uploads\/2026\/01\/Kursy-grafiki-1-1024x576.jpg\" class=\"attachment-large size-large wp-post-image\" alt=\"\" srcset=\"https:\/\/blueprint-szkolenia.pl\/wp-content\/uploads\/2026\/01\/Kursy-grafiki-1-1024x576.jpg 1024w, https:\/\/blueprint-szkolenia.pl\/wp-content\/uploads\/2026\/01\/Kursy-grafiki-1-300x169.jpg 300w, https:\/\/blueprint-szkolenia.pl\/wp-content\/uploads\/2026\/01\/Kursy-grafiki-1-768x432.jpg 768w, https:\/\/blueprint-szkolenia.pl\/wp-content\/uploads\/2026\/01\/Kursy-grafiki-1-600x338.jpg 600w, https:\/\/blueprint-szkolenia.pl\/wp-content\/uploads\/2026\/01\/Kursy-grafiki-1.jpg 1280w\" sizes=\"(max-width: 640px) 100vw, 640px\" \/><\/a>\r\n\r\n\t\t            <a  class=\"image-link\" href=\"https:\/\/blueprint-szkolenia.pl\/index.php\/courses\/projektowanie-elektroniki-z-uzyciem-symulatorow-spice\/\">\r\n\t\t            \t<i class=\"fa fa-link\"><\/i>\r\n\t\t            <\/a>\r\n\r\n\t\t            \t\t        <\/div>\r\n\t\t\t\r\n\t    \t<div class=\"course-body\">\r\n\t\t        \t\t    \t    \t\t        \r\n\t    \t\t<h4 class=\"course-title\">\r\n\t    \t\t\t<a  href=\"https:\/\/blueprint-szkolenia.pl\/index.php\/courses\/projektowanie-elektroniki-z-uzyciem-symulatorow-spice\/\">Projektowanie elektroniki z u\u017cyciem symulator\u00f3w SPICE<\/a>\r\n\t    \t\t<\/h4>\r\n\r\n\t\t\t\t<div class=\"ratings-review\">\r\n\t\t            \t\t            \t\t\t            \t\t        <\/div>\r\n\t\t\t\t\r\n\t\t\t\t\t\t\t\t\t<div class=\"course-desc\">\r\n\t\t\t\t\t\tNarz\u0119dzia symulacyjne s\u0105 nieodzown\u0105 pomoc\u0105 w projektowaniu elektroniki. W\u0142a\u015bciwe wykorzystanie symulator\u00f3w pozwala na weryfikacj\u0119 wst\u0119pnych za\u0142o\u017ce\u0144 oraz skr\u00f3ci\u0107 czas projektowania....\t\t\t\t\t<\/div>\r\n\t\t\t\t\r\n\t\t\t\t<ul class=\"bottom-meta\">\r\n\t\t\t\t\t<li class=\"course-time\">\r\n\t\t\t\t\t\t<i class=\"fa fa-clock-o\"><\/i>\r\n\t\t\t\t\t\t<span class=\"label\"><\/span>\r\n\t\t\t\t\t\t<span class=\"desc\">14 Week<\/span>\r\n\t\t\t\t\t<\/li>\r\n\t\t\t\t\t<li class=\"course-student\">\r\n\t\t\t\t\t\t<i class=\"fa fa-user-o\"><\/i>\r\n\t\t\t\t\t\t<span class=\"label\"><\/span>\r\n\t\t\t\t\t\t<span class=\"desc\">0<\/span>\r\n\t\t\t\t\t<\/li>\r\n\r\n\t\t\t\t\t\t\t\t\t<\/ul>\r\n\t\t\t\t\t\t\t<\/div>\r\n\t\t<\/div>\r\n\t<\/div>\r\n \r\n\r\n\t<div class=\"courses-item cource-item\">\r\n\t\t<div class=\"course-wrap\">\r\n\t\t\t\t\t        <div class=\"cource-img img-part\">\r\n\t\t            <a href=\"https:\/\/blueprint-szkolenia.pl\/index.php\/courses\/zephyr-rtos\/\"> <img decoding=\"async\" width=\"640\" height=\"360\" src=\"https:\/\/blueprint-szkolenia.pl\/wp-content\/uploads\/2026\/01\/Kursy-grafiki-1024x576.jpg\" class=\"attachment-large size-large wp-post-image\" alt=\"\" srcset=\"https:\/\/blueprint-szkolenia.pl\/wp-content\/uploads\/2026\/01\/Kursy-grafiki-1024x576.jpg 1024w, https:\/\/blueprint-szkolenia.pl\/wp-content\/uploads\/2026\/01\/Kursy-grafiki-300x169.jpg 300w, https:\/\/blueprint-szkolenia.pl\/wp-content\/uploads\/2026\/01\/Kursy-grafiki-768x432.jpg 768w, https:\/\/blueprint-szkolenia.pl\/wp-content\/uploads\/2026\/01\/Kursy-grafiki-600x338.jpg 600w, https:\/\/blueprint-szkolenia.pl\/wp-content\/uploads\/2026\/01\/Kursy-grafiki.jpg 1280w\" sizes=\"(max-width: 640px) 100vw, 640px\" \/><\/a>\r\n\r\n\t\t            <a  class=\"image-link\" href=\"https:\/\/blueprint-szkolenia.pl\/index.php\/courses\/zephyr-rtos\/\">\r\n\t\t            \t<i class=\"fa fa-link\"><\/i>\r\n\t\t            <\/a>\r\n\r\n\t\t            \t\t        <\/div>\r\n\t\t\t\r\n\t    \t<div class=\"course-body\">\r\n\t\t        \t\t    \t    \t\t        \r\n\t    \t\t<h4 class=\"course-title\">\r\n\t    \t\t\t<a  href=\"https:\/\/blueprint-szkolenia.pl\/index.php\/courses\/zephyr-rtos\/\">System operacyjny Zephyr RTOS<\/a>\r\n\t    \t\t<\/h4>\r\n\r\n\t\t\t\t<div class=\"ratings-review\">\r\n\t\t            \t\t            \t\t\t            \t\t        <\/div>\r\n\t\t\t\t\r\n\t\t\t\t\t\t\t\t\t<div class=\"course-desc\">\r\n\t\t\t\t\t\tZephyr RTOS to dynamicznie rozwijaj\u0105cy si\u0119, otwarty system operacyjny czasu rzeczywistego przeznaczony dla niemal\u017ce ka\u017cdej popularnej rodziny mikrokontroler\u00f3w (ARM Cortex-M0\/3\/4\/7,...\t\t\t\t\t<\/div>\r\n\t\t\t\t\r\n\t\t\t\t<ul class=\"bottom-meta\">\r\n\t\t\t\t\t<li class=\"course-time\">\r\n\t\t\t\t\t\t<i class=\"fa fa-clock-o\"><\/i>\r\n\t\t\t\t\t\t<span class=\"label\"><\/span>\r\n\t\t\t\t\t\t<span class=\"desc\">14 Week<\/span>\r\n\t\t\t\t\t<\/li>\r\n\t\t\t\t\t<li class=\"course-student\">\r\n\t\t\t\t\t\t<i class=\"fa fa-user-o\"><\/i>\r\n\t\t\t\t\t\t<span class=\"label\"><\/span>\r\n\t\t\t\t\t\t<span class=\"desc\">0<\/span>\r\n\t\t\t\t\t<\/li>\r\n\r\n\t\t\t\t\t\t\t\t\t<\/ul>\r\n\t\t\t\t\t\t\t<\/div>\r\n\t\t<\/div>\r\n\t<\/div>\r\n \r\n\r\n\t<div class=\"courses-item cource-item\">\r\n\t\t<div class=\"course-wrap\">\r\n\t\t\t\t\t        <div class=\"cource-img img-part\">\r\n\t\t            <a href=\"https:\/\/blueprint-szkolenia.pl\/index.php\/courses\/programowanie-mikrokontrolerow-arm-cortex-m\/\"> <img decoding=\"async\" width=\"640\" height=\"360\" src=\"https:\/\/blueprint-szkolenia.pl\/wp-content\/uploads\/2025\/12\/Kursy-grafiki-1024x576.jpg\" class=\"attachment-large size-large wp-post-image\" alt=\"\" srcset=\"https:\/\/blueprint-szkolenia.pl\/wp-content\/uploads\/2025\/12\/Kursy-grafiki-1024x576.jpg 1024w, https:\/\/blueprint-szkolenia.pl\/wp-content\/uploads\/2025\/12\/Kursy-grafiki-300x169.jpg 300w, https:\/\/blueprint-szkolenia.pl\/wp-content\/uploads\/2025\/12\/Kursy-grafiki-768x432.jpg 768w, https:\/\/blueprint-szkolenia.pl\/wp-content\/uploads\/2025\/12\/Kursy-grafiki-600x338.jpg 600w, https:\/\/blueprint-szkolenia.pl\/wp-content\/uploads\/2025\/12\/Kursy-grafiki.jpg 1280w\" sizes=\"(max-width: 640px) 100vw, 640px\" \/><\/a>\r\n\r\n\t\t            <a  class=\"image-link\" href=\"https:\/\/blueprint-szkolenia.pl\/index.php\/courses\/programowanie-mikrokontrolerow-arm-cortex-m\/\">\r\n\t\t            \t<i class=\"fa fa-link\"><\/i>\r\n\t\t            <\/a>\r\n\r\n\t\t            \t\t        <\/div>\r\n\t\t\t\r\n\t    \t<div class=\"course-body\">\r\n\t\t        \t\t    \t    \t\t        \r\n\t    \t\t<h4 class=\"course-title\">\r\n\t    \t\t\t<a  href=\"https:\/\/blueprint-szkolenia.pl\/index.php\/courses\/programowanie-mikrokontrolerow-arm-cortex-m\/\">Programowanie mikrokontroler\u00f3w ARM Cortex-M<\/a>\r\n\t    \t\t<\/h4>\r\n\r\n\t\t\t\t<div class=\"ratings-review\">\r\n\t\t            \t\t            \t\t\t            \t\t        <\/div>\r\n\t\t\t\t\r\n\t\t\t\t\t\t\t\t\t<div class=\"course-desc\">\r\n\t\t\t\t\t\tMikrokontrolery z rdzeniem ARM Cortex M s\u0105 jednymi z najcz\u0119\u015bciej stosowanych w bran\u017cy mikrokontroler\u00f3w. Dzi\u0119ki temu szkoleniu uczestnicy zyskaj\u0105 znajomo\u015b\u0107...\t\t\t\t\t<\/div>\r\n\t\t\t\t\r\n\t\t\t\t<ul class=\"bottom-meta\">\r\n\t\t\t\t\t<li class=\"course-time\">\r\n\t\t\t\t\t\t<i class=\"fa fa-clock-o\"><\/i>\r\n\t\t\t\t\t\t<span class=\"label\"><\/span>\r\n\t\t\t\t\t\t<span class=\"desc\">14 Week<\/span>\r\n\t\t\t\t\t<\/li>\r\n\t\t\t\t\t<li class=\"course-student\">\r\n\t\t\t\t\t\t<i class=\"fa fa-user-o\"><\/i>\r\n\t\t\t\t\t\t<span class=\"label\"><\/span>\r\n\t\t\t\t\t\t<span class=\"desc\">0<\/span>\r\n\t\t\t\t\t<\/li>\r\n\r\n\t\t\t\t\t\t\t\t\t<\/ul>\r\n\t\t\t\t\t\t\t<\/div>\r\n\t\t<\/div>\r\n\t<\/div>\r\n  \r\n\t\t\t<\/div>\r\n\t\t<div class=\"rsaddon-slider-conf wpsisac-hide\" data-conf=\"{&quot;slidesToShow&quot;:3,&quot;autoplaySpeed&quot;:3000,&quot;interval&quot;:3000,&quot;slidesToScroll&quot;:&quot;1&quot;,&quot;slider_autoplay&quot;:&quot;false&quot;,&quot;pauseOnHover&quot;:&quot;false&quot;,&quot;sliderDots&quot;:&quot;false&quot;,&quot;sliderNav&quot;:&quot;false&quot;,&quot;infinite&quot;:&quot;false&quot;,&quot;centerMode&quot;:&quot;false&quot;,&quot;col_lg&quot;:3,&quot;col_md&quot;:3,&quot;col_sm&quot;:2,&quot;col_xs&quot;:1}\"><\/div>\r\n\t<\/div>\r\n\r\n\t<script type=\"text\/javascript\"> \r\n\t\tjQuery(document).ready(function(){\r\n\t\t\tjQuery( '#rsaddon-slick-slider-25826' ).each(function( index ) {        \r\n\t        var slider_id       = jQuery(this).attr('id'); \r\n\t        var slider_conf     = jQuery.parseJSON( jQuery(this).closest('.rsaddon-unique-slider').find('.rsaddon-slider-conf').attr('data-conf'));\r\n\t       \r\n\t        if( typeof(slider_id) != 'undefined' && slider_id != '' ) {\r\n            jQuery('#'+slider_id).not('.slick-initialized').slick({\r\n            slidesToShow    : parseInt(slider_conf.col_lg),\r\n            centerMode      : (slider_conf.centerMode)  == \"true\" ? true : false,\r\n            dots            : (slider_conf.sliderDots)  == \"true\" ? true : false,\r\n            arrows          : (slider_conf.sliderNav) == \"true\" ? true : false,\r\n            autoplay        : (slider_conf.slider_autoplay) == \"true\" ? true : false,\r\n            slidesToScroll  : parseInt(slider_conf.slidesToScroll),\r\n            centerPadding   : '0px',\r\n            autoplaySpeed   : parseInt(slider_conf.autoplaySpeed),\r\n            pauseOnHover    : (slider_conf.pauseOnHover) == \"true\" ? true : false,\r\n            loop : false,\r\n\r\n            responsive: [{\r\n                breakpoint: 1200,\r\n                settings: {\r\n                    slidesToShow: parseInt(slider_conf.col_md),\r\n                }\r\n            }, \r\n            {\r\n                breakpoint: 992,\r\n                settings: {\r\n                    slidesToShow: parseInt(slider_conf.col_sm),\r\n                }\r\n            }, \r\n            {\r\n                breakpoint: 768,\r\n                settings: {\r\n                    arrows: false,\r\n                    slidesToShow: parseInt(slider_conf.col_xs),\r\n                }\r\n            }, ]\r\n            });\r\n        }\r\n\t   \r\n\t\t});\r\n\t});\r\n    <\/script>\r\n\t\t\t\t\t<\/div>\n\t\t\t\t<\/div>\n\t\t\t\t\t<\/div>\n\t\t<\/div>\n\t\t\t\t\t<\/div>\n\t\t<\/section>\n\t\t\t\t<\/div>\n\t\t","protected":false},"excerpt":{"rendered":"<p>Szkolenia nastawione na praktyk\u0119 Nasze szkolenia maj\u0105 charakter warsztatowy z naciskiem na \u0107wiczenia praktyczne. Nowoczesne trendy i technologie Tematyka szkole\u0144 obejmuje zar\u00f3wno powszechnie przyj\u0119te praktyki in\u017cynierskie jak i&#8230;<\/p>\n","protected":false},"author":1,"featured_media":0,"parent":0,"menu_order":0,"comment_status":"closed","ping_status":"closed","template":"","meta":{"_acf_changed":false,"footnotes":""},"class_list":["post-5382","page","type-page","status-publish","hentry"],"acf":[],"aioseo_notices":[],"_links":{"self":[{"href":"https:\/\/blueprint-szkolenia.pl\/index.php\/wp-json\/wp\/v2\/pages\/5382","targetHints":{"allow":["GET"]}}],"collection":[{"href":"https:\/\/blueprint-szkolenia.pl\/index.php\/wp-json\/wp\/v2\/pages"}],"about":[{"href":"https:\/\/blueprint-szkolenia.pl\/index.php\/wp-json\/wp\/v2\/types\/page"}],"author":[{"embeddable":true,"href":"https:\/\/blueprint-szkolenia.pl\/index.php\/wp-json\/wp\/v2\/users\/1"}],"replies":[{"embeddable":true,"href":"https:\/\/blueprint-szkolenia.pl\/index.php\/wp-json\/wp\/v2\/comments?post=5382"}],"version-history":[{"count":74,"href":"https:\/\/blueprint-szkolenia.pl\/index.php\/wp-json\/wp\/v2\/pages\/5382\/revisions"}],"predecessor-version":[{"id":15626,"href":"https:\/\/blueprint-szkolenia.pl\/index.php\/wp-json\/wp\/v2\/pages\/5382\/revisions\/15626"}],"wp:attachment":[{"href":"https:\/\/blueprint-szkolenia.pl\/index.php\/wp-json\/wp\/v2\/media?parent=5382"}],"curies":[{"name":"wp","href":"https:\/\/api.w.org\/{rel}","templated":true}]}}